{"id":231675,"date":"2024-07-16T15:49:52","date_gmt":"2024-07-16T20:49:52","guid":{"rendered":"https:\/\/www.valledelcocora.com.co\/w\/?post_type=product&#038;p=231675"},"modified":"2025-07-07T09:42:56","modified_gmt":"2025-07-07T14:42:56","slug":"cabana-valle-del-cocora","status":"publish","type":"product","link":"https:\/\/www.valledelcocora.com.co\/w\/producto\/cabana-valle-del-cocora\/","title":{"rendered":"Caba\u00f1a Valle del Cocora"},"content":{"rendered":"<p>Precio por pareja, caba\u00f1a ubicada en el coraz\u00f3n del Valle de Cocora con la mejor vista de las Palmas de Cera, y el verde en todo su esplendor, cuenta con jacuzzi, cama King, ba\u00f1o privado. Incluye desayuno para dos. Opcional<br \/>\nacomodaci\u00f3n hasta 2 ni\u00f1os edad Max 12 a\u00f1os. (valor por ni\u00f1o adicional $80.000 incluye<br \/>\ndesayuno.<\/p>\n<p>&nbsp;<\/p>\n<div style=\"width: 248px;\" class=\"wp-video\"><video class=\"wp-video-shortcode\" id=\"video-231675-1\" width=\"248\" height=\"180\" preload=\"metadata\" controls=\"controls\"><source type=\"video\/mp4\" src=\"https:\/\/www.valledelcocora.com.co\/w\/wp-content\/uploads\/2024\/07\/WhatsApp-Video-2024-07-13-at-12.34.44.mp4?_=1\" \/><a href=\"https:\/\/www.valledelcocora.com.co\/w\/wp-content\/uploads\/2024\/07\/WhatsApp-Video-2024-07-13-at-12.34.44.mp4\">https:\/\/www.valledelcocora.com.co\/w\/wp-content\/uploads\/2024\/07\/WhatsApp-Video-2024-07-13-at-12.34.44.mp4<\/a><\/video><\/div>\n","protected":false},"excerpt":{"rendered":"<p>Precios (Pesos Colombianos)<br \/>\n<strong>Normal:<\/strong><br \/>\n$600.000 Por Pareja.<br \/>\n$80.000 Por ni\u00f1o adicional.<\/p>\n","protected":false},"featured_media":231679,"comment_status":"closed","ping_status":"closed","template":"","meta":{"_et_pb_use_builder":"","_et_pb_old_content":"","_et_gb_content_width":"","_joinchat":[]},"product_brand":[],"product_cat":[90],"product_tag":[87],"class_list":{"0":"post-231675","1":"product","2":"type-product","3":"status-publish","4":"has-post-thumbnail","6":"product_cat-hospedaje","7":"product_tag-whats","9":"first","10":"instock","11":"shipping-taxable","12":"purchasable","13":"product-type-variable"},"_links":{"self":[{"href":"https:\/\/www.valledelcocora.com.co\/w\/wp-json\/wp\/v2\/product\/231675","targetHints":{"allow":["GET"]}}],"collection":[{"href":"https:\/\/www.valledelcocora.com.co\/w\/wp-json\/wp\/v2\/product"}],"about":[{"href":"https:\/\/www.valledelcocora.com.co\/w\/wp-json\/wp\/v2\/types\/product"}],"replies":[{"embeddable":true,"href":"https:\/\/www.valledelcocora.com.co\/w\/wp-json\/wp\/v2\/comments?post=231675"}],"wp:featuredmedia":[{"embeddable":true,"href":"https:\/\/www.valledelcocora.com.co\/w\/wp-json\/wp\/v2\/media\/231679"}],"wp:attachment":[{"href":"https:\/\/www.valledelcocora.com.co\/w\/wp-json\/wp\/v2\/media?parent=231675"}],"wp:term":[{"taxonomy":"product_brand","embeddable":true,"href":"https:\/\/www.valledelcocora.com.co\/w\/wp-json\/wp\/v2\/product_brand?post=231675"},{"taxonomy":"product_cat","embeddable":true,"href":"https:\/\/www.valledelcocora.com.co\/w\/wp-json\/wp\/v2\/product_cat?post=231675"},{"taxonomy":"product_tag","embeddable":true,"href":"https:\/\/www.valledelcocora.com.co\/w\/wp-json\/wp\/v2\/product_tag?post=231675"}],"curies":[{"name":"wp","href":"https:\/\/api.w.org\/{rel}","templated":true}]}}