{"id":230446,"date":"2024-02-02T09:34:04","date_gmt":"2024-02-02T14:34:04","guid":{"rendered":"https:\/\/www.valledelcocora.com.co\/w\/?post_type=product&#038;p=230446"},"modified":"2025-07-07T09:39:16","modified_gmt":"2025-07-07T14:39:16","slug":"eventos-familiares-y-empresariales","status":"publish","type":"product","link":"https:\/\/www.valledelcocora.com.co\/w\/producto\/eventos-familiares-y-empresariales\/","title":{"rendered":"Eventos Familiares y Empresariales"},"content":{"rendered":"<div style=\"width: 248px;\" class=\"wp-video\"><video class=\"wp-video-shortcode\" id=\"video-230446-1\" width=\"248\" height=\"180\" preload=\"metadata\" controls=\"controls\"><source type=\"video\/mp4\" src=\"https:\/\/www.valledelcocora.com.co\/w\/wp-content\/uploads\/2024\/02\/valledelcocora-eventos-familiares-y-empresariales.mp4?_=1\" \/><a href=\"https:\/\/www.valledelcocora.com.co\/w\/wp-content\/uploads\/2024\/02\/valledelcocora-eventos-familiares-y-empresariales.mp4\">https:\/\/www.valledelcocora.com.co\/w\/wp-content\/uploads\/2024\/02\/valledelcocora-eventos-familiares-y-empresariales.mp4<\/a><\/video><\/div>\n","protected":false},"excerpt":{"rendered":"<p>Para Bosques de Cocora \u00abDonde Juan B\u00bb es un honor servir para las empresas m\u00e1s representativas del pa\u00eds y del mundo, contando con excelentes est\u00e1ndares de calidad en productos y servicios.<\/p>\n<p>Alianzas con: Eje Magico Travel, Agriturismo y Paisaje, Omnitours, Aviatur, Destinos y Turismo, Sambo, C\u00e1mara de Comercio de Armenia, Quindio Convention Buro, Fontur, GlaxoSmithKline, Renault y Sofasa, Avanza, Allianz, BMW, Motocicletas Triumph, Edeq, Portales del Caf\u00e9, Decameron Explorer, Colombia 57, Totto, Kia Automotriz y Copa Airlines.<\/p>\n<p>Hemos realizado eventos empresariales, familiares y comerciales a trav\u00e9s de estos 30 a\u00f1os de servicio.<\/p>\n","protected":false},"featured_media":230674,"comment_status":"closed","ping_status":"closed","template":"","meta":{"_et_pb_use_builder":"","_et_pb_old_content":"","_et_gb_content_width":"","_joinchat":[]},"product_brand":[],"product_cat":[76],"product_tag":[],"class_list":{"0":"post-230446","1":"product","2":"type-product","3":"status-publish","4":"has-post-thumbnail","6":"product_cat-experiencias","8":"first","9":"instock","10":"virtual","11":"product-type-simple"},"_links":{"self":[{"href":"https:\/\/www.valledelcocora.com.co\/w\/wp-json\/wp\/v2\/product\/230446","targetHints":{"allow":["GET"]}}],"collection":[{"href":"https:\/\/www.valledelcocora.com.co\/w\/wp-json\/wp\/v2\/product"}],"about":[{"href":"https:\/\/www.valledelcocora.com.co\/w\/wp-json\/wp\/v2\/types\/product"}],"replies":[{"embeddable":true,"href":"https:\/\/www.valledelcocora.com.co\/w\/wp-json\/wp\/v2\/comments?post=230446"}],"wp:featuredmedia":[{"embeddable":true,"href":"https:\/\/www.valledelcocora.com.co\/w\/wp-json\/wp\/v2\/media\/230674"}],"wp:attachment":[{"href":"https:\/\/www.valledelcocora.com.co\/w\/wp-json\/wp\/v2\/media?parent=230446"}],"wp:term":[{"taxonomy":"product_brand","embeddable":true,"href":"https:\/\/www.valledelcocora.com.co\/w\/wp-json\/wp\/v2\/product_brand?post=230446"},{"taxonomy":"product_cat","embeddable":true,"href":"https:\/\/www.valledelcocora.com.co\/w\/wp-json\/wp\/v2\/product_cat?post=230446"},{"taxonomy":"product_tag","embeddable":true,"href":"https:\/\/www.valledelcocora.com.co\/w\/wp-json\/wp\/v2\/product_tag?post=230446"}],"curies":[{"name":"wp","href":"https:\/\/api.w.org\/{rel}","templated":true}]}}