{"id":230200,"date":"2024-02-06T16:43:11","date_gmt":"2024-02-06T21:43:11","guid":{"rendered":"http:\/\/valledelcocora.com.co\/w\/?post_type=product&#038;p=230200"},"modified":"2025-12-16T09:41:18","modified_gmt":"2025-12-16T14:41:18","slug":"%c2%a8picnic-romantico-para-pareja%c2%a8-valle-del-cocora","status":"publish","type":"product","link":"https:\/\/www.valledelcocora.com.co\/w\/producto\/%c2%a8picnic-romantico-para-pareja%c2%a8-valle-del-cocora\/","title":{"rendered":"Experiencia Picnic Rom\u00e1ntico Valle de Cocora"},"content":{"rendered":"<p>Espacio organizado con mantel a cuadros y menaje, decoraci\u00f3n con p\u00e9talos de rosa y globos seg\u00fan la ocasi\u00f3n, Copa de frutas, botella de vino de la casa, Almuerzo: opci\u00f3n de pollo a la parrilla \u00f3 trucha a la plancha. ahumada o al ajillo acompa\u00f1ada del patac\u00f3n Quindiano \u00f3 plato vegetariano de la huerta org\u00e1nica, m\u00e1s los acompa\u00f1amientos y la bebida, postre decorado para los 2, servicio Personalizado y espacio privado. (hora de llegada a partir de las 10 am hasta 5:00 pm ). Hay posibilidad de cambiar el almuerzo por opciones para t\u00e1rdear ( 2 entradas de la carta men\u00fa por<br \/>\nPersona). Valor max por entradas por persona $40.000<\/p>\n","protected":false},"excerpt":{"rendered":"<p>Precios (Pesos Colombianos)<br \/>\n<strong>Normal:<\/strong><br \/>\n$400.000 Por Pareja.<\/p>\n","protected":false},"featured_media":230615,"comment_status":"closed","ping_status":"closed","template":"","meta":{"_et_pb_use_builder":"","_et_pb_old_content":"","_et_gb_content_width":"","_joinchat":[]},"product_brand":[],"product_cat":[76],"product_tag":[91,57,73,87,75],"class_list":{"0":"post-230200","1":"product","2":"type-product","3":"status-publish","4":"has-post-thumbnail","6":"product_cat-experiencias","7":"product_tag-experiencias","8":"product_tag-huerta","9":"product_tag-pinic","10":"product_tag-whats","11":"product_tag-zona-verde","13":"first","14":"instock","15":"shipping-taxable","16":"purchasable","17":"product-type-simple"},"_links":{"self":[{"href":"https:\/\/www.valledelcocora.com.co\/w\/wp-json\/wp\/v2\/product\/230200","targetHints":{"allow":["GET"]}}],"collection":[{"href":"https:\/\/www.valledelcocora.com.co\/w\/wp-json\/wp\/v2\/product"}],"about":[{"href":"https:\/\/www.valledelcocora.com.co\/w\/wp-json\/wp\/v2\/types\/product"}],"replies":[{"embeddable":true,"href":"https:\/\/www.valledelcocora.com.co\/w\/wp-json\/wp\/v2\/comments?post=230200"}],"wp:featuredmedia":[{"embeddable":true,"href":"https:\/\/www.valledelcocora.com.co\/w\/wp-json\/wp\/v2\/media\/230615"}],"wp:attachment":[{"href":"https:\/\/www.valledelcocora.com.co\/w\/wp-json\/wp\/v2\/media?parent=230200"}],"wp:term":[{"taxonomy":"product_brand","embeddable":true,"href":"https:\/\/www.valledelcocora.com.co\/w\/wp-json\/wp\/v2\/product_brand?post=230200"},{"taxonomy":"product_cat","embeddable":true,"href":"https:\/\/www.valledelcocora.com.co\/w\/wp-json\/wp\/v2\/product_cat?post=230200"},{"taxonomy":"product_tag","embeddable":true,"href":"https:\/\/www.valledelcocora.com.co\/w\/wp-json\/wp\/v2\/product_tag?post=230200"}],"curies":[{"name":"wp","href":"https:\/\/api.w.org\/{rel}","templated":true}]}}