{"id":229919,"date":"2024-02-08T11:39:14","date_gmt":"2024-02-08T16:39:14","guid":{"rendered":"http:\/\/valledelcocora.com.co\/w\/?post_type=product&#038;p=229919"},"modified":"2026-01-14T12:29:40","modified_gmt":"2026-01-14T17:29:40","slug":"experiencia-valle-de-cocora-billete-de-100-mil","status":"publish","type":"product","link":"https:\/\/www.valledelcocora.com.co\/w\/producto\/experiencia-valle-de-cocora-billete-de-100-mil\/","title":{"rendered":"Experiencia Valle de Cocora Billete de $100 Mil"},"content":{"rendered":"<p>Precio por persona Caminata de 1 hora con charla educativa donde van acompa\u00f1ados de gu\u00eda ecologista quien les explicar\u00e1 todo acerca del Valle de Cocora y su \u00e1rbol nacional la Palma de Cera, grado 1 y 2 de dificultad, terreno plano, la caminata se enfoca ubicando al turista en el paisaje en cu\u00e1l se bas\u00f3 Colombia para emitir su actual billete de 100 mil. La pasad\u00eda Incluye: Canelazo o cajita de agua de bienvenida \u2013 Almuerzo 6 opciones:\u00a0 Pollo a la parrilla, trucha a la plancha, ahumada, al ajillo, o con champi\u00f1ones acompa\u00f1ada del patac\u00f3n Quindiano, adem\u00e1s de una opci\u00f3n vegetariana con vegetales de la huerta org\u00e1nica, todos incluyen acompa\u00f1amientos y bebida.<\/p>\n<div style=\"width: 248px;\" class=\"wp-video\"><video class=\"wp-video-shortcode\" id=\"video-229919-1\" width=\"248\" height=\"180\" preload=\"metadata\" controls=\"controls\"><source type=\"video\/mp4\" src=\"https:\/\/www.valledelcocora.com.co\/w\/wp-content\/uploads\/2024\/02\/valledelcocora-billete-de-100-mil.mp4?_=1\" \/><a href=\"https:\/\/www.valledelcocora.com.co\/w\/wp-content\/uploads\/2024\/02\/valledelcocora-billete-de-100-mil.mp4\">https:\/\/www.valledelcocora.com.co\/w\/wp-content\/uploads\/2024\/02\/valledelcocora-billete-de-100-mil.mp4<\/a><\/video><\/div>\n<p><b><span data-contrast=\"auto\">Planes men\u00fa 6 opciones<\/span><\/b><span data-ccp-props=\"{&quot;134233117&quot;:true,&quot;134233118&quot;:true,&quot;201341983&quot;:0,&quot;335559740&quot;:240}\">\u00a0<\/span><\/p>\n<ul>\n<li><span data-contrast=\"auto\">Bebida de bienvenida\u00a0canelazo<\/span><\/li>\n<li><span data-contrast=\"auto\">Parqueadero incluido<\/span><\/li>\n<li><span data-contrast=\"auto\">Almuerzo con 6 opciones a elegir:\u00a0\u00a0pollo a la parrilla, trucha a la plancha, ahumada, al ajillo, o con champi\u00f1ones acompa\u00f1ada del patac\u00f3n Quindiano, adem\u00e1s de una opci\u00f3n vegetariana o vegana con vegetales de la huerta org\u00e1nica, todos incluyen acompa\u00f1amientos, bebida\u00a0Opci\u00f3n vegetariana o vegana con vegetales de huerta org\u00e1nica.<\/span><span data-ccp-props=\"{&quot;134233117&quot;:true,&quot;134233118&quot;:true,&quot;201341983&quot;:0,&quot;335559740&quot;:240}\">\u00a0<\/span><\/li>\n<\/ul>\n<p><b><span data-contrast=\"auto\">Plan VIP Incluye:<\/span><\/b><span data-ccp-props=\"{}\">\u00a0<\/span><\/p>\n<ul>\n<li><strong>Bebida\u00a0de bienvenida\u00a0\u00a0<\/strong><\/li>\n<li><strong>Plato\u00a0a la carta\u00a0\u00a0<\/strong><\/li>\n<li><strong>Copa\u00a0de vino\u00a0<\/strong><\/li>\n<li><strong>Bebida\u00a0incluida\u00a0<\/strong><\/li>\n<li><strong>Caf\u00e9 especial de origen\u00a0<\/strong><\/li>\n<li><strong>Parqueadero incluido<\/strong><\/li>\n<\/ul>\n","protected":false},"excerpt":{"rendered":"<h3 data-start=\"199\" data-end=\"234\"><strong data-start=\"203\" data-end=\"234\">Precios (Pesos Colombianos)<\/strong><\/h3>\n<p data-start=\"236\" data-end=\"357\"><strong data-start=\"236\" data-end=\"268\">Plan con men\u00fa de 6 opciones:<\/strong><br data-start=\"268\" data-end=\"271\" \/>$100.000 por persona (aplica desde 2 personas)<br data-start=\"317\" data-end=\"320\" \/>$130.000 por 1 persona (plan privado)<\/p>\n<p data-start=\"359\" data-end=\"445\"><strong data-start=\"359\" data-end=\"396\">Plan VIP con men\u00fa a la carta:<\/strong><br data-start=\"396\" data-end=\"399\" \/>$130.000 por persona (aplica desde 2 personas)<\/p>\n","protected":false},"featured_media":230646,"comment_status":"closed","ping_status":"closed","template":"","meta":{"_et_pb_use_builder":"","_et_pb_old_content":"","_et_gb_content_width":"","_joinchat":[]},"product_brand":[],"product_cat":[76],"product_tag":[64,88,91,62],"class_list":{"0":"post-229919","1":"product","2":"type-product","3":"status-publish","4":"has-post-thumbnail","6":"product_cat-experiencias","7":"product_tag-billete","8":"product_tag-conreserva","9":"product_tag-experiencias","10":"product_tag-valle-del-cocora","12":"first","13":"instock","14":"virtual","15":"purchasable","16":"product-type-phive_booking"},"_links":{"self":[{"href":"https:\/\/www.valledelcocora.com.co\/w\/wp-json\/wp\/v2\/product\/229919","targetHints":{"allow":["GET"]}}],"collection":[{"href":"https:\/\/www.valledelcocora.com.co\/w\/wp-json\/wp\/v2\/product"}],"about":[{"href":"https:\/\/www.valledelcocora.com.co\/w\/wp-json\/wp\/v2\/types\/product"}],"replies":[{"embeddable":true,"href":"https:\/\/www.valledelcocora.com.co\/w\/wp-json\/wp\/v2\/comments?post=229919"}],"wp:featuredmedia":[{"embeddable":true,"href":"https:\/\/www.valledelcocora.com.co\/w\/wp-json\/wp\/v2\/media\/230646"}],"wp:attachment":[{"href":"https:\/\/www.valledelcocora.com.co\/w\/wp-json\/wp\/v2\/media?parent=229919"}],"wp:term":[{"taxonomy":"product_brand","embeddable":true,"href":"https:\/\/www.valledelcocora.com.co\/w\/wp-json\/wp\/v2\/product_brand?post=229919"},{"taxonomy":"product_cat","embeddable":true,"href":"https:\/\/www.valledelcocora.com.co\/w\/wp-json\/wp\/v2\/product_cat?post=229919"},{"taxonomy":"product_tag","embeddable":true,"href":"https:\/\/www.valledelcocora.com.co\/w\/wp-json\/wp\/v2\/product_tag?post=229919"}],"curies":[{"name":"wp","href":"https:\/\/api.w.org\/{rel}","templated":true}]}}