{"id":229918,"date":"2024-02-10T11:36:08","date_gmt":"2024-02-10T16:36:08","guid":{"rendered":"http:\/\/valledelcocora.com.co\/w\/?post_type=product&#038;p=229918"},"modified":"2025-12-16T11:59:07","modified_gmt":"2025-12-16T16:59:07","slug":"experiencia-encanto-valle-de-cocora-y-condor","status":"publish","type":"product","link":"https:\/\/www.valledelcocora.com.co\/w\/producto\/experiencia-encanto-valle-de-cocora-y-condor\/","title":{"rendered":"Experiencia Encanto Valle de Cocora y C\u00f3ndor"},"content":{"rendered":"<p>[et_pb_section fb_built=\u00bb1&#8243; _builder_version=\u00bb4.16&#8243; custom_padding=\u00bb0px||||false|false\u00bb da_disable_devices=\u00bboff|off|off\u00bb global_colors_info=\u00bb{}\u00bb da_is_popup=\u00bboff\u00bb da_exit_intent=\u00bboff\u00bb da_has_close=\u00bbon\u00bb da_alt_close=\u00bboff\u00bb da_dark_close=\u00bboff\u00bb da_not_modal=\u00bbon\u00bb da_is_singular=\u00bboff\u00bb da_with_loader=\u00bboff\u00bb da_has_shadow=\u00bbon\u00bb][et_pb_row _builder_version=\u00bb4.16&#8243; background_size=\u00bbinitial\u00bb background_position=\u00bbtop_left\u00bb background_repeat=\u00bbrepeat\u00bb width=\u00bb100%\u00bb custom_padding=\u00bb0px||0px||false|false\u00bb global_colors_info=\u00bb{}\u00bb][et_pb_column type=\u00bb4_4&#8243; _builder_version=\u00bb4.16&#8243; custom_padding=\u00bb|||\u00bb global_colors_info=\u00bb{}\u00bb custom_padding__hover=\u00bb|||\u00bb][et_pb_wc_breadcrumb _builder_version=\u00bb4.16&#8243; global_colors_info=\u00bb{}\u00bb][\/et_pb_wc_breadcrumb][et_pb_wc_cart_notice _builder_version=\u00bb4.16&#8243; global_colors_info=\u00bb{}\u00bb][\/et_pb_wc_cart_notice][\/et_pb_column][\/et_pb_row][et_pb_row column_structure=\u00bb1_2,1_2&#8243; _builder_version=\u00bb4.16&#8243; background_size=\u00bbinitial\u00bb background_position=\u00bbtop_left\u00bb background_repeat=\u00bbrepeat\u00bb width=\u00bb100%\u00bb custom_padding=\u00bb0px||||false|false\u00bb global_colors_info=\u00bb{}\u00bb][et_pb_column type=\u00bb1_2&#8243; _builder_version=\u00bb4.16&#8243; custom_padding=\u00bb|||\u00bb global_colors_info=\u00bb{}\u00bb custom_padding__hover=\u00bb|||\u00bb][et_pb_wc_images _builder_version=\u00bb4.16&#8243; global_colors_info=\u00bb{}\u00bb][\/et_pb_wc_images][\/et_pb_column][et_pb_column type=\u00bb1_2&#8243; _builder_version=\u00bb4.16&#8243; custom_padding=\u00bb|||\u00bb global_colors_info=\u00bb{}\u00bb custom_padding__hover=\u00bb|||\u00bb][et_pb_wc_title _builder_version=\u00bb4.16&#8243; global_colors_info=\u00bb{}\u00bb][\/et_pb_wc_title][et_pb_wc_rating _builder_version=\u00bb4.16&#8243; global_colors_info=\u00bb{}\u00bb][\/et_pb_wc_rating][et_pb_wc_price _builder_version=\u00bb4.16&#8243; global_colors_info=\u00bb{}\u00bb][\/et_pb_wc_price][et_pb_wc_description _builder_version=\u00bb4.16&#8243; global_colors_info=\u00bb{}\u00bb][\/et_pb_wc_description][et_pb_wc_add_to_cart _builder_version=\u00bb4.16&#8243; global_colors_info=\u00bb{}\u00bb][\/et_pb_wc_add_to_cart][et_pb_wc_meta _builder_version=\u00bb4.16&#8243; global_colors_info=\u00bb{}\u00bb][\/et_pb_wc_meta][\/et_pb_column][\/et_pb_row][et_pb_row column_structure=\u00bb1_2,1_2&#8243; _builder_version=\u00bb4.16&#8243; background_size=\u00bbinitial\u00bb background_position=\u00bbtop_left\u00bb background_repeat=\u00bbrepeat\u00bb width=\u00bb100%\u00bb custom_padding=\u00bb0px||||false|false\u00bb global_colors_info=\u00bb{}\u00bb][et_pb_column type=\u00bb1_2&#8243; _builder_version=\u00bb4.16&#8243; custom_padding=\u00bb|||\u00bb global_colors_info=\u00bb{}\u00bb custom_padding__hover=\u00bb|||\u00bb][et_pb_wc_images _builder_version=\u00bb4.16&#8243; global_colors_info=\u00bb{}\u00bb][\/et_pb_wc_images][\/et_pb_column][et_pb_column type=\u00bb1_2&#8243; _builder_version=\u00bb4.16&#8243; custom_padding=\u00bb|||\u00bb global_colors_info=\u00bb{}\u00bb custom_padding__hover=\u00bb|||\u00bb][et_pb_wc_title _builder_version=\u00bb4.16&#8243; global_colors_info=\u00bb{}\u00bb][\/et_pb_wc_title][et_pb_wc_rating _builder_version=\u00bb4.16&#8243; global_colors_info=\u00bb{}\u00bb][\/et_pb_wc_rating][et_pb_wc_price _builder_version=\u00bb4.16&#8243; global_colors_info=\u00bb{}\u00bb][\/et_pb_wc_price][et_pb_wc_description _builder_version=\u00bb4.16&#8243; global_colors_info=\u00bb{}\u00bb][\/et_pb_wc_description][et_pb_wc_add_to_cart _builder_version=\u00bb4.16&#8243; global_colors_info=\u00bb{}\u00bb][\/et_pb_wc_add_to_cart][et_pb_wc_meta _builder_version=\u00bb4.16&#8243; global_colors_info=\u00bb{}\u00bb][\/et_pb_wc_meta][\/et_pb_column][\/et_pb_row][et_pb_row _builder_version=\u00bb4.16&#8243; background_size=\u00bbinitial\u00bb background_position=\u00bbtop_left\u00bb background_repeat=\u00bbrepeat\u00bb width=\u00bb100%\u00bb global_colors_info=\u00bb{}\u00bb][et_pb_column type=\u00bb4_4&#8243; _builder_version=\u00bb4.16&#8243; custom_padding=\u00bb|||\u00bb global_colors_info=\u00bb{}\u00bb custom_padding__hover=\u00bb|||\u00bb][et_pb_wc_tabs _builder_version=\u00bb4.16&#8243; global_colors_info=\u00bb{}\u00bb]\t\t\t\t\t[\/et_pb_wc_tabs][et_pb_wc_upsells _builder_version=\u00bb4.16&#8243; global_colors_info=\u00bb{}\u00bb][\/et_pb_wc_upsells][et_pb_wc_related_products _builder_version=\u00bb4.16&#8243; global_colors_info=\u00bb{}\u00bb][\/et_pb_wc_related_products][\/et_pb_column][\/et_pb_row][\/et_pb_section]<\/p>\n","protected":false},"excerpt":{"rendered":"<h3 data-start=\"199\" data-end=\"234\"><strong data-start=\"203\" data-end=\"234\">Precios (Pesos Colombianos)<\/strong><\/h3>\n<p data-start=\"236\" data-end=\"357\"><strong data-start=\"236\" data-end=\"268\">Plan con men\u00fa de 6 opciones:<\/strong><br data-start=\"268\" data-end=\"271\" \/>$80.000 por persona<\/p>\n","protected":false},"featured_media":230664,"comment_status":"closed","ping_status":"closed","template":"","meta":{"_et_pb_use_builder":"on","_et_pb_old_content":"<p style=\"text-align: justify\">Precio por persona. Este sendero es sin gu\u00eda, la persona se toma el tiempo que desee en recorrer este hermoso y privado sendero dentro del Bosque de Niebla que llega al r\u00edo de aguas cristalinas de nacimiento en el Parque de los Nevados, a orilla de la cordillera de los Andes, si tiene suerte avistar\u00e1 el C\u00f3ndor desde el mirador y el sendero. Incluye: Bienvenida con canelazo caliente o caf\u00e9 de origen, en Bosques de Cocora Donde Juan B. al ingresar podr\u00e1 caminar el sendero de la Palma de cera, caminar por el sendero del R\u00edo con aguas claras de nacimiento, disfrutar de la tranquilidad de un bosque de Niebla rodeado de Palmas de cera y \u00e1rboles \u2022 nativos al igual que avistar aves y si tiene suerte ver el C\u00f3ndor de Los Andes en todo su esplendor, al regresar de la caminata podr\u00e1 almorzar men\u00fa Incluye : Canelazo o cajita de agua de bienvenida \u2013 Almuerzo 6 opciones:\u00a0 Pollo a la parrilla, trucha a la plancha, ahumada, al ajillo, o con champi\u00f1ones acompa\u00f1ada del patac\u00f3n Quindiano, adem\u00e1s de una opci\u00f3n vegetariana con vegetales de la huerta org\u00e1nica, todos incluyen acompa\u00f1amientos y bebida\u200b\u200b. Despu\u00e9s disfrutar de las zonas verdes y degustar un delicioso caf\u00e9. Incluye parqueadero todo el d\u00eda hasta las 6:00 pm. Se puede comprar a partir de (1) persona, Si permite el ingreso de mascota. Este pasad\u00eda es para compra solo por medio virtual y con reserva previa, No se vende en el lugar.<\/p>\r\n[video width=\"248\" height=\"180\" mp4=\"https:\/\/www.valledelcocora.com.co\/w\/wp-content\/uploads\/2024\/02\/valledelcocora-encanto-valle-de-cocora.mp4\"][\/video]\r\n\r\n<b><span data-contrast=\"auto\">Planes men\u00fa 6 opciones<\/span><\/b><span data-ccp-props=\"{&quot;134233117&quot;:true,&quot;134233118&quot;:true,&quot;201341983&quot;:0,&quot;335559740&quot;:240}\">\u00a0<\/span>\r\n<ul>\r\n \t<li><span data-contrast=\"auto\">Bebida de bienvenida\u00a0canelazo<\/span><\/li>\r\n \t<li><span data-contrast=\"auto\">Parqueadero incluido<\/span><\/li>\r\n \t<li><span data-contrast=\"auto\">Almuerzo con 6 opciones a elegir:\u00a0\u00a0pollo a la parrilla, trucha a la plancha, ahumada, al ajillo, o con champi\u00f1ones acompa\u00f1ada del patac\u00f3n Quindiano, adem\u00e1s de una opci\u00f3n vegetariana o vegana con vegetales de la huerta org\u00e1nica, todos incluyen acompa\u00f1amientos, bebida\u00a0Opci\u00f3n vegetariana o vegana con vegetales de huerta org\u00e1nica.<\/span><\/li>\r\n<\/ul>","_et_gb_content_width":"","_joinchat":[]},"product_brand":[],"product_cat":[76],"product_tag":[88,91,63,62],"class_list":{"0":"post-229918","1":"product","2":"type-product","3":"status-publish","4":"has-post-thumbnail","6":"product_cat-experiencias","7":"product_tag-conreserva","8":"product_tag-experiencias","9":"product_tag-sendero","10":"product_tag-valle-del-cocora","12":"first","13":"instock","14":"virtual","15":"purchasable","16":"product-type-phive_booking"},"_links":{"self":[{"href":"https:\/\/www.valledelcocora.com.co\/w\/wp-json\/wp\/v2\/product\/229918","targetHints":{"allow":["GET"]}}],"collection":[{"href":"https:\/\/www.valledelcocora.com.co\/w\/wp-json\/wp\/v2\/product"}],"about":[{"href":"https:\/\/www.valledelcocora.com.co\/w\/wp-json\/wp\/v2\/types\/product"}],"replies":[{"embeddable":true,"href":"https:\/\/www.valledelcocora.com.co\/w\/wp-json\/wp\/v2\/comments?post=229918"}],"wp:featuredmedia":[{"embeddable":true,"href":"https:\/\/www.valledelcocora.com.co\/w\/wp-json\/wp\/v2\/media\/230664"}],"wp:attachment":[{"href":"https:\/\/www.valledelcocora.com.co\/w\/wp-json\/wp\/v2\/media?parent=229918"}],"wp:term":[{"taxonomy":"product_brand","embeddable":true,"href":"https:\/\/www.valledelcocora.com.co\/w\/wp-json\/wp\/v2\/product_brand?post=229918"},{"taxonomy":"product_cat","embeddable":true,"href":"https:\/\/www.valledelcocora.com.co\/w\/wp-json\/wp\/v2\/product_cat?post=229918"},{"taxonomy":"product_tag","embeddable":true,"href":"https:\/\/www.valledelcocora.com.co\/w\/wp-json\/wp\/v2\/product_tag?post=229918"}],"curies":[{"name":"wp","href":"https:\/\/api.w.org\/{rel}","templated":true}]}}