{"id":229734,"date":"2024-02-09T17:36:48","date_gmt":"2024-02-09T22:36:48","guid":{"rendered":"http:\/\/valledelcocora.com.co\/w\/?post_type=product&#038;p=229734"},"modified":"2026-01-14T12:30:48","modified_gmt":"2026-01-14T17:30:48","slug":"experiencia-ruta-turistica-de-los-lacteos-valle-del-cocora","status":"publish","type":"product","link":"https:\/\/www.valledelcocora.com.co\/w\/producto\/experiencia-ruta-turistica-de-los-lacteos-valle-del-cocora\/","title":{"rendered":"Experiencia Ruta Tur\u00edstica de los L\u00e1cteos Valle del Cocora"},"content":{"rendered":"<p>[et_pb_section fb_built=\u00bb1&#8243; _builder_version=\u00bb4.16&#8243; custom_padding=\u00bb0px||||false|false\u00bb da_disable_devices=\u00bboff|off|off\u00bb global_colors_info=\u00bb{}\u00bb da_is_popup=\u00bboff\u00bb da_exit_intent=\u00bboff\u00bb da_has_close=\u00bbon\u00bb da_alt_close=\u00bboff\u00bb da_dark_close=\u00bboff\u00bb da_not_modal=\u00bbon\u00bb da_is_singular=\u00bboff\u00bb da_with_loader=\u00bboff\u00bb da_has_shadow=\u00bbon\u00bb][et_pb_row _builder_version=\u00bb4.16&#8243; background_size=\u00bbinitial\u00bb background_position=\u00bbtop_left\u00bb background_repeat=\u00bbrepeat\u00bb width=\u00bb100%\u00bb custom_padding=\u00bb0px||0px||false|false\u00bb global_colors_info=\u00bb{}\u00bb][et_pb_column type=\u00bb4_4&#8243; _builder_version=\u00bb4.16&#8243; custom_padding=\u00bb|||\u00bb global_colors_info=\u00bb{}\u00bb custom_padding__hover=\u00bb|||\u00bb][et_pb_wc_breadcrumb _builder_version=\u00bb4.16&#8243; global_colors_info=\u00bb{}\u00bb][\/et_pb_wc_breadcrumb][et_pb_wc_cart_notice _builder_version=\u00bb4.18.0&#8243; global_colors_info=\u00bb{}\u00bb][\/et_pb_wc_cart_notice][\/et_pb_column][\/et_pb_row][et_pb_row column_structure=\u00bb1_2,1_2&#8243; _builder_version=\u00bb4.16&#8243; background_size=\u00bbinitial\u00bb background_position=\u00bbtop_left\u00bb background_repeat=\u00bbrepeat\u00bb width=\u00bb100%\u00bb custom_padding=\u00bb0px||||false|false\u00bb global_colors_info=\u00bb{}\u00bb][et_pb_column type=\u00bb1_2&#8243; _builder_version=\u00bb4.16&#8243; custom_padding=\u00bb|||\u00bb global_colors_info=\u00bb{}\u00bb custom_padding__hover=\u00bb|||\u00bb][et_pb_wc_images _builder_version=\u00bb4.16&#8243; global_colors_info=\u00bb{}\u00bb][\/et_pb_wc_images][\/et_pb_column][et_pb_column type=\u00bb1_2&#8243; _builder_version=\u00bb4.16&#8243; custom_padding=\u00bb|||\u00bb global_colors_info=\u00bb{}\u00bb custom_padding__hover=\u00bb|||\u00bb][et_pb_wc_title _builder_version=\u00bb4.16&#8243; global_colors_info=\u00bb{}\u00bb][\/et_pb_wc_title][et_pb_wc_rating _builder_version=\u00bb4.16&#8243; global_colors_info=\u00bb{}\u00bb][\/et_pb_wc_rating][et_pb_wc_price _builder_version=\u00bb4.16&#8243; global_colors_info=\u00bb{}\u00bb][\/et_pb_wc_price][et_pb_wc_description _builder_version=\u00bb4.16&#8243; global_colors_info=\u00bb{}\u00bb][\/et_pb_wc_description][et_pb_wc_add_to_cart _builder_version=\u00bb4.16&#8243; global_colors_info=\u00bb{}\u00bb][\/et_pb_wc_add_to_cart][et_pb_wc_meta _builder_version=\u00bb4.16&#8243; global_colors_info=\u00bb{}\u00bb][\/et_pb_wc_meta][\/et_pb_column][\/et_pb_row][et_pb_row _builder_version=\u00bb4.16&#8243; background_size=\u00bbinitial\u00bb background_position=\u00bbtop_left\u00bb background_repeat=\u00bbrepeat\u00bb width=\u00bb100%\u00bb global_colors_info=\u00bb{}\u00bb][et_pb_column type=\u00bb4_4&#8243; _builder_version=\u00bb4.16&#8243; custom_padding=\u00bb|||\u00bb global_colors_info=\u00bb{}\u00bb custom_padding__hover=\u00bb|||\u00bb][et_pb_wc_tabs _builder_version=\u00bb4.16&#8243; global_colors_info=\u00bb{}\u00bb]\t\t\t\t\t[\/et_pb_wc_tabs][et_pb_wc_upsells _builder_version=\u00bb4.16&#8243; global_colors_info=\u00bb{}\u00bb][\/et_pb_wc_upsells][et_pb_wc_related_products _builder_version=\u00bb4.16&#8243; global_colors_info=\u00bb{}\u00bb][\/et_pb_wc_related_products][\/et_pb_column][\/et_pb_row][\/et_pb_section]<\/p>\n","protected":false},"excerpt":{"rendered":"<p>Precios (Pesos Colombianos)<\/p>\n<p data-start=\"236\" data-end=\"357\"><strong data-start=\"236\" data-end=\"268\">Plan con men\u00fa de 6 opciones:<\/strong><br data-start=\"268\" data-end=\"271\" \/>$160.000 por persona (aplica desde 2 personas)<br data-start=\"317\" data-end=\"320\" \/>$300.000 por 1 persona (plan privado)<\/p>\n<p data-start=\"359\" data-end=\"445\"><strong data-start=\"359\" data-end=\"396\">Plan VIP con men\u00fa a la carta:<\/strong><br data-start=\"396\" data-end=\"399\" \/>$200.000 por persona (aplica desde 2 personas)<\/p>\n","protected":false},"featured_media":230498,"comment_status":"open","ping_status":"closed","template":"","meta":{"_et_pb_use_builder":"on","_et_pb_old_content":"Donde el visitante podr\u00e1 conocer de manera cercana todo el manejo de una ganader\u00eda, ingresar a una hacienda ganadera del Valle del Cocora, orde\u00f1ar, acompa\u00f1ado de un gu\u00eda o veterinario experto en ganader\u00eda lechera, donde tendr\u00e1 la oportunidad de orde\u00f1ar y conocer el proceso de transformaci\u00f3n de la leche en productos l\u00e1cteos como: yogurt, quesos de origen, Arequipe y mantequilla. Grado de dificultad: 02 \/ Media, Tiempo estimado de ida y regreso: 5 horas aprox-Tipo de camino: Camino de herradura (tierra, roca y barro.)\r\n\r\n<strong>El Plan VIP Incluye:<\/strong>\r\n<ul>\r\n \t<li><span data-contrast=\"auto\">\u00a0Bebida\u00a0de bienvenida\u00a0<\/span><span data-ccp-props=\"{}\">\u00a0<\/span><\/li>\r\n \t<li><span data-contrast=\"auto\">Visita\u00a0y recorrido por el valle de Cocora hasta finca ganader\u00eda acompa\u00f1ado de gu\u00eda especializado<\/span><span data-ccp-props=\"{&quot;134233117&quot;:true,&quot;134233118&quot;:true,&quot;201341983&quot;:0,&quot;335559740&quot;:240}\">\u00a0<\/span><\/li>\r\n \t<li><span data-contrast=\"auto\">Experiencia\u00a0de orde\u00f1ar vacas Ayrshire<\/span><span data-ccp-props=\"{&quot;134233117&quot;:true,&quot;134233118&quot;:true,&quot;201341983&quot;:0,&quot;335559740&quot;:240}\">\u00a0<\/span><\/li>\r\n \t<li><span data-contrast=\"auto\">Ingreso\u00a0a planta y elaboraci\u00f3n de yogurt o productos l\u00e1cteos<\/span><span data-ccp-props=\"{&quot;134233117&quot;:true,&quot;134233118&quot;:true,&quot;201341983&quot;:0,&quot;335559740&quot;:240}\">\u00a0<\/span><\/li>\r\n \t<li><span data-contrast=\"auto\">Plato a la carta <\/span><span data-ccp-props=\"{&quot;201341983&quot;:0,&quot;335559740&quot;:360}\">\u00a0<\/span><\/li>\r\n \t<li><span data-contrast=\"auto\">Copa de vino<\/span><span data-ccp-props=\"{&quot;201341983&quot;:0,&quot;335559740&quot;:360}\">\u00a0<\/span><\/li>\r\n \t<li><span data-contrast=\"auto\">Bebida incluida<\/span><span data-ccp-props=\"{&quot;201341983&quot;:0,&quot;335559740&quot;:360}\">\u00a0<\/span><\/li>\r\n \t<li><span data-contrast=\"auto\">Caf\u00e9 especial de origen<\/span><\/li>\r\n<\/ul>\r\n<b><span data-contrast=\"auto\">Plan Men\u00fa 6 Opciones <\/span><\/b><b><span data-contrast=\"auto\">Incluye:<\/span><\/b><span data-ccp-props=\"{}\">\u00a0<\/span>\r\n<ul>\r\n \t<li><span data-contrast=\"auto\">Bebida de bienvenida <\/span><span data-ccp-props=\"{}\">\u00a0<\/span><\/li>\r\n \t<li><span data-contrast=\"auto\">Visita y recorrido por el valle de Cocora\u00a0hasta finca\u00a0ganader\u00eda\u00a0acompa\u00f1ado de gu\u00eda especializado<\/span><span data-ccp-props=\"{&quot;134233117&quot;:true,&quot;134233118&quot;:true,&quot;201341983&quot;:0,&quot;335559740&quot;:240}\">\u00a0<\/span><\/li>\r\n \t<li><span data-contrast=\"auto\">Experiencia de orde\u00f1ar vacas Ayrshire<\/span><span data-ccp-props=\"{&quot;134233117&quot;:true,&quot;134233118&quot;:true,&quot;201341983&quot;:0,&quot;335559740&quot;:240}\">\u00a0<\/span><\/li>\r\n \t<li><span data-contrast=\"auto\">Ingreso a planta y elaboraci\u00f3n de yogurt\u00a0o productos l\u00e1cteos<\/span><span data-ccp-props=\"{&quot;134233117&quot;:true,&quot;134233118&quot;:true,&quot;201341983&quot;:0,&quot;335559740&quot;:240}\">\u00a0<\/span><\/li>\r\n \t<li><span data-contrast=\"auto\">Almuerzo con 6 opciones a elegir:\u00a0\u00a0pollo a la parrilla, trucha a la plancha, ahumada, al ajillo, o con champi\u00f1ones acompa\u00f1ada del patac\u00f3n Quindiano, adem\u00e1s de una opci\u00f3n vegetariana o vegana con vegetales de la huerta org\u00e1nica, todos incluyen acompa\u00f1amientos, bebida\u00a0Opci\u00f3n vegetariana o vegana con vegetales de huerta org\u00e1nica.<\/span><span data-ccp-props=\"{&quot;134233117&quot;:true,&quot;134233118&quot;:true,&quot;201341983&quot;:0,&quot;335559740&quot;:240}\">\u00a0<\/span><\/li>\r\n<\/ul>\r\n&nbsp;\r\n\r\n&nbsp;","_et_gb_content_width":"","_joinchat":[]},"product_brand":[],"product_cat":[76],"product_tag":[88,91,60,61,59],"class_list":{"0":"post-229734","1":"product","2":"type-product","3":"status-publish","4":"has-post-thumbnail","6":"product_cat-experiencias","7":"product_tag-conreserva","8":"product_tag-experiencias","9":"product_tag-hacienda","10":"product_tag-lacteos","11":"product_tag-ordenar","13":"first","14":"instock","15":"featured","16":"virtual","17":"purchasable","18":"product-type-phive_booking"},"_links":{"self":[{"href":"https:\/\/www.valledelcocora.com.co\/w\/wp-json\/wp\/v2\/product\/229734","targetHints":{"allow":["GET"]}}],"collection":[{"href":"https:\/\/www.valledelcocora.com.co\/w\/wp-json\/wp\/v2\/product"}],"about":[{"href":"https:\/\/www.valledelcocora.com.co\/w\/wp-json\/wp\/v2\/types\/product"}],"replies":[{"embeddable":true,"href":"https:\/\/www.valledelcocora.com.co\/w\/wp-json\/wp\/v2\/comments?post=229734"}],"wp:featuredmedia":[{"embeddable":true,"href":"https:\/\/www.valledelcocora.com.co\/w\/wp-json\/wp\/v2\/media\/230498"}],"wp:attachment":[{"href":"https:\/\/www.valledelcocora.com.co\/w\/wp-json\/wp\/v2\/media?parent=229734"}],"wp:term":[{"taxonomy":"product_brand","embeddable":true,"href":"https:\/\/www.valledelcocora.com.co\/w\/wp-json\/wp\/v2\/product_brand?post=229734"},{"taxonomy":"product_cat","embeddable":true,"href":"https:\/\/www.valledelcocora.com.co\/w\/wp-json\/wp\/v2\/product_cat?post=229734"},{"taxonomy":"product_tag","embeddable":true,"href":"https:\/\/www.valledelcocora.com.co\/w\/wp-json\/wp\/v2\/product_tag?post=229734"}],"curies":[{"name":"wp","href":"https:\/\/api.w.org\/{rel}","templated":true}]}}