{"id":229732,"date":"2024-02-07T17:32:13","date_gmt":"2024-02-07T22:32:13","guid":{"rendered":"http:\/\/valledelcocora.com.co\/w\/?post_type=product&#038;p=229732"},"modified":"2025-12-16T12:04:32","modified_gmt":"2025-12-16T17:04:32","slug":"experiencia-recorrido-guiado-especializado-por-nuestra-huerta-organica","status":"publish","type":"product","link":"https:\/\/www.valledelcocora.com.co\/w\/producto\/experiencia-recorrido-guiado-especializado-por-nuestra-huerta-organica\/","title":{"rendered":"Experiencia Recorrido Guiado Especializado por Nuestra Huerta Org\u00e1nica"},"content":{"rendered":"<p><span class=\"a-list-item\">En este recorrido el visitante podr\u00e1 recibir una explicaci\u00f3n detallada de como se cultiva una huerta org\u00e1nica, como es el proceso del compost y los procesos de cultivo y recolecci\u00f3n de la mano de un ingeniero ambiental. As\u00ed mismo, hacer recolecci\u00f3n de los vegetales que m\u00e1s tarde podr\u00e1 consumir en su plato de vegetales org\u00e1nicos en el restaurante con el almuerzo o deleitarse con un fresco batido verde. <\/span>Incluye : Canelazo o cajita de agua de bienvenida \u2013 Almuerzo 6 opciones:\u00a0 Pollo a la parrilla, trucha a la plancha, ahumada, al ajillo, o con champi\u00f1ones acompa\u00f1ada del patac\u00f3n Quindiano, adem\u00e1s de una opci\u00f3n vegetariana con vegetales de la huerta org\u00e1nica, todos incluyen acompa\u00f1amientos y bebida.<\/p>\n<p><b><span data-contrast=\"auto\">Planes men\u00fa 6 opciones<\/span><\/b><span data-ccp-props=\"{&quot;134233117&quot;:true,&quot;134233118&quot;:true,&quot;201341983&quot;:0,&quot;335559740&quot;:240}\">\u00a0<\/span><\/p>\n<ul>\n<li><span data-contrast=\"auto\">Bebida de bienvenida\u00a0canelazo<\/span><\/li>\n<li><span data-contrast=\"auto\">Parqueadero incluido<\/span><\/li>\n<li><span data-contrast=\"auto\">Almuerzo con 6 opciones a elegir:\u00a0\u00a0pollo a la parrilla, trucha a la plancha, ahumada, al ajillo, o con champi\u00f1ones acompa\u00f1ada del patac\u00f3n Quindiano, adem\u00e1s de una opci\u00f3n vegetariana o vegana con vegetales de la huerta org\u00e1nica, todos incluyen acompa\u00f1amientos, bebida\u00a0Opci\u00f3n vegetariana o vegana con vegetales de huerta org\u00e1nica.<\/span><\/li>\n<\/ul>\n","protected":false},"excerpt":{"rendered":"<h3 data-start=\"199\" data-end=\"234\"><strong data-start=\"203\" data-end=\"234\">Precios (Pesos Colombianos)<\/strong><\/h3>\n<p data-start=\"236\" data-end=\"357\"><strong data-start=\"236\" data-end=\"268\">Plan con men\u00fa de 6 opciones:<\/strong><br data-start=\"268\" data-end=\"271\" \/>$75.000 por persona (aplica desde 2 personas)<br data-start=\"317\" data-end=\"320\" \/>$100.000 por 1 persona (plan privado)<\/p>\n","protected":false},"featured_media":230661,"comment_status":"open","ping_status":"closed","template":"","meta":{"_et_pb_use_builder":"","_et_pb_old_content":"","_et_gb_content_width":"","_joinchat":[]},"product_brand":[],"product_cat":[76],"product_tag":[88,91,57,58],"class_list":{"0":"post-229732","1":"product","2":"type-product","3":"status-publish","4":"has-post-thumbnail","6":"product_cat-experiencias","7":"product_tag-conreserva","8":"product_tag-experiencias","9":"product_tag-huerta","10":"product_tag-recorrido","12":"first","13":"instock","14":"shipping-taxable","15":"purchasable","16":"product-type-variable"},"_links":{"self":[{"href":"https:\/\/www.valledelcocora.com.co\/w\/wp-json\/wp\/v2\/product\/229732","targetHints":{"allow":["GET"]}}],"collection":[{"href":"https:\/\/www.valledelcocora.com.co\/w\/wp-json\/wp\/v2\/product"}],"about":[{"href":"https:\/\/www.valledelcocora.com.co\/w\/wp-json\/wp\/v2\/types\/product"}],"replies":[{"embeddable":true,"href":"https:\/\/www.valledelcocora.com.co\/w\/wp-json\/wp\/v2\/comments?post=229732"}],"wp:featuredmedia":[{"embeddable":true,"href":"https:\/\/www.valledelcocora.com.co\/w\/wp-json\/wp\/v2\/media\/230661"}],"wp:attachment":[{"href":"https:\/\/www.valledelcocora.com.co\/w\/wp-json\/wp\/v2\/media?parent=229732"}],"wp:term":[{"taxonomy":"product_brand","embeddable":true,"href":"https:\/\/www.valledelcocora.com.co\/w\/wp-json\/wp\/v2\/product_brand?post=229732"},{"taxonomy":"product_cat","embeddable":true,"href":"https:\/\/www.valledelcocora.com.co\/w\/wp-json\/wp\/v2\/product_cat?post=229732"},{"taxonomy":"product_tag","embeddable":true,"href":"https:\/\/www.valledelcocora.com.co\/w\/wp-json\/wp\/v2\/product_tag?post=229732"}],"curies":[{"name":"wp","href":"https:\/\/api.w.org\/{rel}","templated":true}]}}